{"id":1260,"date":"2022-08-24T09:51:34","date_gmt":"2022-08-24T09:51:34","guid":{"rendered":"https:\/\/www.tmsistemes.com\/aviso-legal\/"},"modified":"2022-12-22T13:10:12","modified_gmt":"2022-12-22T13:10:12","slug":"aviso-legal","status":"publish","type":"page","link":"https:\/\/www.tmsistemes.com\/es\/aviso-legal\/","title":{"rendered":"Aviso legal"},"content":{"rendered":"\t\t<div data-elementor-type=\"wp-page\" data-elementor-id=\"1260\" class=\"elementor elementor-1260 elementor-570\">\n\t\t\t\t\t\t\t\t\t<section class=\"elementor-section elementor-top-section elementor-element elementor-element-a0d3b52 elementor-section-boxed elementor-section-height-default elementor-section-height-default\" data-id=\"a0d3b52\" data-element_type=\"section\">\n\t\t\t\t\t\t<div class=\"elementor-container elementor-column-gap-default\">\n\t\t\t\t\t<div class=\"elementor-column elementor-col-100 elementor-top-column elementor-element elementor-element-16325a1\" data-id=\"16325a1\" data-element_type=\"column\">\n\t\t\t<div class=\"elementor-widget-wrap elementor-element-populated\">\n\t\t\t\t\t\t\t\t<div class=\"elementor-element elementor-element-0480547 elementor-widget elementor-widget-heading\" data-id=\"0480547\" data-element_type=\"widget\" data-widget_type=\"heading.default\">\n\t\t\t\t<div class=\"elementor-widget-container\">\n\t\t\t<style>\/*! elementor - v3.12.0 - 29-03-2023 *\/\n.elementor-heading-title{padding:0;margin:0;line-height:1}.elementor-widget-heading .elementor-heading-title[class*=elementor-size-]>a{color:inherit;font-size:inherit;line-height:inherit}.elementor-widget-heading .elementor-heading-title.elementor-size-small{font-size:15px}.elementor-widget-heading .elementor-heading-title.elementor-size-medium{font-size:19px}.elementor-widget-heading .elementor-heading-title.elementor-size-large{font-size:29px}.elementor-widget-heading .elementor-heading-title.elementor-size-xl{font-size:39px}.elementor-widget-heading .elementor-heading-title.elementor-size-xxl{font-size:59px}<\/style><h1 class=\"elementor-heading-title elementor-size-default\">AVISO LEGAL<\/h1>\t\t<\/div>\n\t\t\t\t<\/div>\n\t\t\t\t<div class=\"elementor-element elementor-element-4bdd9dc elementor-widget elementor-widget-text-editor\" data-id=\"4bdd9dc\" data-element_type=\"widget\" data-widget_type=\"text-editor.default\">\n\t\t\t\t<div class=\"elementor-widget-container\">\n\t\t\t<style>\/*! elementor - v3.12.0 - 29-03-2023 *\/\n.elementor-widget-text-editor.elementor-drop-cap-view-stacked .elementor-drop-cap{background-color:#69727d;color:#fff}.elementor-widget-text-editor.elementor-drop-cap-view-framed .elementor-drop-cap{color:#69727d;border:3px solid;background-color:transparent}.elementor-widget-text-editor:not(.elementor-drop-cap-view-default) .elementor-drop-cap{margin-top:8px}.elementor-widget-text-editor:not(.elementor-drop-cap-view-default) .elementor-drop-cap-letter{width:1em;height:1em}.elementor-widget-text-editor .elementor-drop-cap{float:left;text-align:center;line-height:1;font-size:50px}.elementor-widget-text-editor .elementor-drop-cap-letter{display:inline-block}<\/style>\t\t\t\t<p><b><span data-contrast=\"auto\">1 \u2013 IDENTIDAD DEL TITULAR WEB<\/span><\/b> <span data-contrast=\"auto\"> <\/span><span data-ccp-props=\"{}\"> <\/span><\/p>\n<p><span data-contrast=\"auto\">Toni Mar\u00edn Valenzuela (TM SISTEMES)<\/span><span data-ccp-props=\"{}\"><br \/><\/span><span data-contrast=\"auto\">NIF 46589227J<\/span><span data-ccp-props=\"{}\"><br \/><\/span><span data-contrast=\"auto\">C\/ Copons, 15 <\/span><span data-ccp-props=\"{}\"><br \/><\/span><span data-contrast=\"auto\">Tel\u00e9fono 648091561<\/span><span data-ccp-props=\"{}\"><br \/><\/span><span data-contrast=\"auto\">NOMBRE DEL DOMINIO: <span style=\"color: #ff9900;\"><a style=\"color: #ff9900;\" href=\"https:\/\/www.tmsistemes.com\/es\/\">www.tmsistemes.com<\/a><\/span><\/span><span style=\"color: #ff9900;\" data-ccp-props=\"{}\"> <\/span><\/p>\n<p><span data-ccp-props=\"{}\"> <\/span><\/p>\n<p><b><span data-contrast=\"auto\">2 \u2013 ACEPTACI\u00d3N DE LAS CONDICIONES DE USO<\/span><\/b><span data-contrast=\"auto\"> <\/span><span data-ccp-props=\"{}\"> <\/span><\/p>\n<p><span data-contrast=\"auto\">El uso de este sitio web atribuye al navegante, sea persona f\u00edsica o jur\u00eddica, la condici\u00f3n de USUARIO, lo que implica la adhesi\u00f3n a los t\u00e9rminos y condiciones que a continuaci\u00f3n se indican. A todos los efectos, se contemplar\u00e1n los t\u00e9rminos y condiciones en la versi\u00f3n publicada en el momento en que se produzca el acceso. . TM SISTEMES (Toni Mar\u00edn Valenzuela) recomienda al USUARIO leer atentamente los t\u00e9rminos y condiciones que a continuaci\u00f3n se detallan antes de hacer uso de los servicios ofrecidos. Asimismo, el acceso a determinados servicios a trav\u00e9s de este sitio Web pueden encontrarse sometidos a ciertas condiciones particulares propias que, seg\u00fan los casos, sustituyen, completan y\/o el uso de nuestros servicios, el USUARIO debe leer atentamente tambi\u00e9n las correspondientes condiciones particulares. En caso de no aceptar las condiciones de uso, deber\u00e1 abstenerse de acceder y usar los servicios contenidos en esta web. Las presentes condiciones tienen uso de regular el uso gen\u00e9rico de la Web por parte del USUARIO que tiene la posibilidad de visualizarlas e imprimirlas. <\/span><span data-contrast=\"auto\">TM SISTEMES (Toni Mar\u00edn Valenzuela)<\/span><span data-contrast=\"auto\"> se reserva el derecho a modificar o suprimir en cualquier momento y sin previo aviso los contenidos, servicios e informaciones que se encuentren en esta Web, as\u00ed como limitar o cancelar los t\u00e9rminos y condiciones aplicables a la Web. <\/span><span data-ccp-props=\"{}\"> <\/span><\/p>\n<p><span data-ccp-props=\"{}\"> <\/span><span data-ccp-props=\"{}\"> <\/span><\/p>\n<p><b><span data-contrast=\"auto\">3 \u2013 PROPIEDAD INTELECTUAL E INDUSTRIAL<\/span><\/b><span data-ccp-props=\"{}\"> <\/span><\/p>\n<p><span data-contrast=\"auto\">El contenido de esta Web est\u00e1 protegido por las Leyes sobre Propiedad Intelectual e Industrial. Este sitio web, incluyendo a t\u00edtulo enunciativo pero no limitativo su programaci\u00f3n, edici\u00f3n, compilaci\u00f3n y otros elementos necesarios para su funcionamiento, los dise\u00f1os, logotipos, textos y\/o gr\u00e1ficos son propiedad de <\/span><span data-contrast=\"auto\">TM SISTEMES (Toni Mar\u00edn Valenzuela)<\/span><span data-contrast=\"auto\"> o en su caso dispone de licencia o autorizaci\u00f3n expresa por parte de los autores. Independientemente de la finalidad para la que fueran destintados, la reproducci\u00f3n total o parcial, uso, explotaci\u00f3n, distribuci\u00f3n y comercializaci\u00f3n, requieren en todo caso de la autorizaci\u00f3n escrita previa por parte de <\/span><span data-contrast=\"auto\">TM SISTEMES (Toni Mar\u00edn Valenzuela)<\/span><span data-contrast=\"auto\">. La infracci\u00f3n de cualquiera de los citados derechos puede constituir una vulneraci\u00f3n de las presentes disposiciones, as\u00ed como un delito castigado con arreglo a los art\u00edculos 270 y los siguientes del C\u00f3digo Penal. <\/span><span data-ccp-props=\"{}\"> <\/span><\/p>\n<p><span data-contrast=\"auto\">Els dissenys, logotips, textos i\/o gr\u00e0fics aliens a <\/span><span data-contrast=\"auto\">TM SISTEMES (Toni Mar\u00edn Valenzuela)<\/span><span data-contrast=\"auto\"> i que poguessin apar\u00e8ixer al lloc web, pertanyen als seus respectius propietaris, essent ells mateixos responsables de qualsevol controv\u00e8rsia que pugues suscitar respecte els mateixos. <\/span> <span data-ccp-props=\"{}\"> <\/span><\/p>\n<p><span data-contrast=\"auto\">En cualquier caso, <\/span><span data-contrast=\"auto\">TM SISTEMES (Toni Mar\u00edn Valenzuela)<\/span><span data-contrast=\"auto\"> cuenta con licencia previa por parte los mismos. Las reclamaciones que pudieran interponerse por los USUARIOS en relaci\u00f3n con posibles incumplimientos de los derechos de propiedad intelectual o industrial sobre cualquiera de los contenidos de este sitio Web deber\u00e1n dirigirse al correo electr\u00f3nico<span style=\"color: #ff9900;\">:<\/span><\/span><span style=\"color: #ff9900;\"><u><a style=\"color: #ff9900;\" href=\"mailto:saufer@saufer.com\">toni@tmsistemes.com<\/a> <\/u><\/span><\/p>\n<p><span data-ccp-props=\"{\"335559739\":360}\"> <\/span><\/p>\n<p><b><span data-contrast=\"auto\">4 \u2013 ACCESO A LA WEB<\/span><\/b><span data-ccp-props=\"{\"335559739\":360}\"> <\/span><\/p>\n<p><span data-contrast=\"auto\">Nuestra web puede ser visitada por cualquier USUARIO de forma libre y gratuita. Los Datos de Car\u00e1cter Personal que nos facilite ser\u00e1n siempre tratados de conformidad con lo dispuesto en la Ley Org\u00e1nica 15\/1999 sobre Protecci\u00f3n de Datos de Car\u00e1cter Personal.<\/span><span data-ccp-props=\"{}\"> <\/span><\/p>\n<p><span data-ccp-props=\"{}\"> <\/span><span data-ccp-props=\"{}\"> <\/span><\/p>\n<p><b><span data-contrast=\"auto\">5 \u2013 USO CORRECTO DEL SITIO WEB<\/span><\/b><span data-ccp-props=\"{}\"> <\/span><\/p>\n<p><span data-contrast=\"auto\">El USUARIO se compromete a usar la Web, los contenidos y los servicios de acuerdo con la Ley, con buenas costumbres y el orden p\u00fablico. El USUARIO se obliga y se compromete a:<\/span><span data-ccp-props=\"{}\"> <\/span><\/p>\n<ul>\n<li data-leveltext=\"\uf0b7\" data-font=\"Symbol\" data-listid=\"1\" data-list-defn-props=\"{\"335552541\":1,\"335559684\":-2,\"335559685\":720,\"335559991\":360,\"469769226\":\"Symbol\",\"469769242\":[8226],\"469777803\":\"left\",\"469777804\":\"\uf0b7\",\"469777815\":\"multilevel\"}\" aria-setsize=\"-1\" data-aria-posinset=\"1\" data-aria-level=\"1\"><span data-contrast=\"auto\">No usar la Web o los servicios que se prestan a trav\u00e9s de ella con fines o efectos il\u00edcitos o contrarios al contenido de este Aviso Legal que lesionen los intereses o derechos de terceros, o de cualquier forma que pueda perjudicar, inutilizar o deteriorar la Web o sus servicios o impedir un uso satisfactorio de la Web a otros usuarios.<\/span><span data-ccp-props=\"{}\"> <\/span><\/li>\n<\/ul>\n<ul>\n<li data-leveltext=\"\uf0b7\" data-font=\"Symbol\" data-listid=\"1\" data-list-defn-props=\"{\"335552541\":1,\"335559684\":-2,\"335559685\":720,\"335559991\":360,\"469769226\":\"Symbol\",\"469769242\":[8226],\"469777803\":\"left\",\"469777804\":\"\uf0b7\",\"469777815\":\"multilevel\"}\" aria-setsize=\"-1\" data-aria-posinset=\"1\" data-aria-level=\"1\"><span data-contrast=\"auto\">No destruir, alterar, inutilizar o, de cualquier otra forma, da\u00f1ar los datos, programas o documentos electr\u00f3nicos y otros que se encuentren en la Web.<\/span><span data-ccp-props=\"{}\"> <\/span><\/li>\n<\/ul>\n<ul>\n<li data-leveltext=\"\uf0b7\" data-font=\"Symbol\" data-listid=\"1\" data-list-defn-props=\"{\"335552541\":1,\"335559684\":-2,\"335559685\":720,\"335559991\":360,\"469769226\":\"Symbol\",\"469769242\":[8226],\"469777803\":\"left\",\"469777804\":\"\uf0b7\",\"469777815\":\"multilevel\"}\" aria-setsize=\"-1\" data-aria-posinset=\"2\" data-aria-level=\"1\"><span data-contrast=\"auto\">No introducir programas, virus, macroinstrucciones, miniaplicaciones o cualquier otro dispositivo l\u00f3gico o secuencia de caracteres que causen o puedan causar cualquier tipo de alteraci\u00f3n en los sistemas inform\u00e1ticos de <\/span><span data-contrast=\"auto\">TM SISTEMES (Toni Mar\u00edn Valenzuela)<\/span><span data-contrast=\"auto\"> o de terceros.<\/span><span data-ccp-props=\"{}\"> <\/span><\/li>\n<li data-leveltext=\"\uf0b7\" data-font=\"Symbol\" data-listid=\"1\" data-list-defn-props=\"{\"335552541\":1,\"335559684\":-2,\"335559685\":720,\"335559991\":360,\"469769226\":\"Symbol\",\"469769242\":[8226],\"469777803\":\"left\",\"469777804\":\"\uf0b7\",\"469777815\":\"multilevel\"}\" aria-setsize=\"-1\" data-aria-posinset=\"3\" data-aria-level=\"1\"><span data-contrast=\"auto\">No hacer mal uso de informaciones, mensajes, gr\u00e1ficos, dibujos, archivos de sonido y\/o imagen, fotograf\u00edas, grabaciones, software y, en general, cualquier clase de material accesible a trav\u00e9s de la Web o de los servicios que ofrece.<\/span><span data-ccp-props=\"{}\"> <\/span><\/li>\n<\/ul>\n<ul>\n<li data-leveltext=\"\uf0b7\" data-font=\"Symbol\" data-listid=\"1\" data-list-defn-props=\"{\"335552541\":1,\"335559684\":-2,\"335559685\":720,\"335559991\":360,\"469769226\":\"Symbol\",\"469769242\":[8226],\"469777803\":\"left\",\"469777804\":\"\uf0b7\",\"469777815\":\"multilevel\"}\" aria-setsize=\"-1\" data-aria-posinset=\"1\" data-aria-level=\"1\"><span data-contrast=\"auto\">No introducir actuaciones, actitudes o ideas discriminatorias por raz\u00f3n de sexo, raza, religi\u00f3n, creencias, edad o condici\u00f3n. Asimismo, <\/span><span data-contrast=\"auto\">TM SISTEMES (Toni Mar\u00edn Valenzuela)<\/span><span data-contrast=\"auto\"> se reserva el derecho de denegar o retirar el acceso a la Web y\/oa los servicios en cualquier momento sin necesidad de previo aviso a aquellos USUARIOS que incumplan estas condiciones generales. <\/span><span data-ccp-props=\"{}\"> <\/span><\/li>\n<\/ul>\n<p><span data-ccp-props=\"{\"335559685\":360}\"> <\/span><\/p>\n<p><b><span data-contrast=\"auto\">6 \u2013 R\u00c9GIMEN DE RESPONSABILIDAD<\/span><\/b> <span data-contrast=\"auto\"> <\/span><span data-ccp-props=\"{}\"> <\/span><\/p>\n<p><span data-contrast=\"auto\">TM SISTEMES (Toni Mar\u00edn Valenzuela)<\/span><span data-contrast=\"auto\"> no se har\u00e1 responsable, directa ni subsidiariamente de: <\/span><span data-ccp-props=\"{}\"> <\/span><\/p>\n<ul>\n<li data-leveltext=\"\uf0b7\" data-font=\"Symbol\" data-listid=\"2\" data-list-defn-props=\"{\"335552541\":1,\"335559684\":-2,\"335559685\":720,\"335559991\":360,\"469769226\":\"Symbol\",\"469769242\":[8226],\"469777803\":\"left\",\"469777804\":\"\uf0b7\",\"469777815\":\"multilevel\"}\" aria-setsize=\"-1\" data-aria-posinset=\"1\" data-aria-level=\"1\"><span data-contrast=\"auto\">La calidad del servicio, la velocidad de acceso, el correcto funcionamiento ni la disponibilidad ni continuidad de funcionamiento de la Web.<\/span><span data-ccp-props=\"{}\"> <\/span><\/li>\n<li data-leveltext=\"\uf0b7\" data-font=\"Symbol\" data-listid=\"2\" data-list-defn-props=\"{\"335552541\":1,\"335559684\":-2,\"335559685\":720,\"335559991\":360,\"469769226\":\"Symbol\",\"469769242\":[8226],\"469777803\":\"left\",\"469777804\":\"\uf0b7\",\"469777815\":\"multilevel\"}\" aria-setsize=\"-1\" data-aria-posinset=\"2\" data-aria-level=\"1\"><span data-contrast=\"auto\">Que existan interrupciones del servicio, demoras, errores, mal funcionamiento del mismo, y en general, otros inconvenientes que tengan su origen en causa de que escape del control de <\/span><span data-contrast=\"auto\">TM SISTEMES (Toni Mar\u00edn Valenzuela).<\/span><span data-ccp-props=\"{}\"> <\/span><\/li>\n<\/ul>\n<ul>\n<li data-leveltext=\"\uf0b7\" data-font=\"Symbol\" data-listid=\"3\" data-list-defn-props=\"{\"335552541\":1,\"335559684\":-2,\"335559685\":720,\"335559991\":360,\"469769226\":\"Symbol\",\"469769242\":[8226],\"469777803\":\"left\",\"469777804\":\"\uf0b7\",\"469777815\":\"multilevel\"}\" aria-setsize=\"-1\" data-aria-posinset=\"1\" data-aria-level=\"1\"><span data-contrast=\"auto\">La calidad del servicio, la velocidad de acceso, el correcto funcionamiento ni la disponibilidad ni continuidad de funcionamiento de la Web.<\/span><span data-ccp-props=\"{}\"> <\/span><\/li>\n<li data-leveltext=\"\uf0b7\" data-font=\"Symbol\" data-listid=\"3\" data-list-defn-props=\"{\"335552541\":1,\"335559684\":-2,\"335559685\":720,\"335559991\":360,\"469769226\":\"Symbol\",\"469769242\":[8226],\"469777803\":\"left\",\"469777804\":\"\uf0b7\",\"469777815\":\"multilevel\"}\" aria-setsize=\"-1\" data-aria-posinset=\"2\" data-aria-level=\"1\"><span data-contrast=\"auto\">Una actuaci\u00f3n dolorosa o culposa del USUARIO y\/o tenga por origen causas de fuerza mayor. En cualquier caso, cualquiera que sea su causa. Da\u00f1os directos o indirectos, da\u00f1os emergentes y\/o por lucro cesante.<\/span><span data-ccp-props=\"{}\"> <\/span><\/li>\n<li data-leveltext=\"\uf0b7\" data-font=\"Symbol\" data-listid=\"3\" data-list-defn-props=\"{\"335552541\":1,\"335559684\":-2,\"335559685\":720,\"335559991\":360,\"469769226\":\"Symbol\",\"469769242\":[8226],\"469777803\":\"left\",\"469777804\":\"\uf0b7\",\"469777815\":\"multilevel\"}\" aria-setsize=\"-1\" data-aria-posinset=\"3\" data-aria-level=\"1\"><span data-contrast=\"auto\">Los contenidos y opiniones de terceros ni la informaci\u00f3n contenida en p\u00e1ginas Web de terceros a las que se pueda acceder por enlaces o buscadores del sitio web.<\/span><span data-ccp-props=\"{}\"> <\/span><\/li>\n<li data-leveltext=\"\uf0b7\" data-font=\"Symbol\" data-listid=\"3\" data-list-defn-props=\"{\"335552541\":1,\"335559684\":-2,\"335559685\":720,\"335559991\":360,\"469769226\":\"Symbol\",\"469769242\":[8226],\"469777803\":\"left\",\"469777804\":\"\uf0b7\",\"469777815\":\"multilevel\"}\" aria-setsize=\"-1\" data-aria-posinset=\"4\" data-aria-level=\"1\"><span data-contrast=\"auto\">Da\u00f1os que puedan causarse en los equipos de los USUARIOS por posibles virus inform\u00e1ticos contra\u00eddos a causa de su navegaci\u00f3n en el sitio Web o por cualquier otro da\u00f1o derivado de esa navegaci\u00f3n.<\/span><span data-ccp-props=\"{}\"> <\/span><\/li>\n<li data-leveltext=\"\uf0b7\" data-font=\"Symbol\" data-listid=\"3\" data-list-defn-props=\"{\"335552541\":1,\"335559684\":-2,\"335559685\":720,\"335559991\":360,\"469769226\":\"Symbol\",\"469769242\":[8226],\"469777803\":\"left\",\"469777804\":\"\uf0b7\",\"469777815\":\"multilevel\"}\" aria-setsize=\"-1\" data-aria-posinset=\"5\" data-aria-level=\"1\"><span data-contrast=\"auto\">Del incumplimiento de la ley, la moral y buenas costumbres generalmente aceptadas o el orden p\u00fablico como consecuencia de la transmisi\u00f3n, difusi\u00f3n, almacenamiento, puesta a disposici\u00f3n, recepci\u00f3n, obtenci\u00f3n o acceso a los contenidos.<\/span><span data-ccp-props=\"{}\"> <\/span><\/li>\n<\/ul>\n<ul>\n<li data-leveltext=\"\uf0b7\" data-font=\"Symbol\" data-listid=\"3\" data-list-defn-props=\"{\"335552541\":1,\"335559684\":-2,\"335559685\":720,\"335559991\":360,\"469769226\":\"Symbol\",\"469769242\":[8226],\"469777803\":\"left\",\"469777804\":\"\uf0b7\",\"469777815\":\"multilevel\"}\" aria-setsize=\"-1\" data-aria-posinset=\"1\" data-aria-level=\"1\"><span data-contrast=\"auto\">Los vicios y defectos de toda clase de los contenidos transmitidos, difundidos, guardados o puestos a disposici\u00f3n, la falta de actualizaci\u00f3n o exactitud de los mismos, ni de su calidad cient\u00edfica en su caso.<\/span><span data-ccp-props=\"{}\"> <\/span><\/li>\n<\/ul>\n<p><span data-ccp-props=\"{}\"> <\/span><\/p>\n<p><span data-contrast=\"auto\">Asimismo, <\/span><span data-contrast=\"auto\">TM SISTEMES (Toni Mar\u00edn Valenzuela)<\/span><span data-contrast=\"auto\"> no garantiza que la Web y el servidor est\u00e9n libres de virus y no se hace responsable de los da\u00f1os <\/span><span data-contrast=\"auto\">TM SISTEMES (Toni Mar\u00edn Valenzuela)<\/span><span data-contrast=\"auto\"> tendr\u00e1 derecho, sin que exista indemnizaci\u00f3n alguna al USUARIO por estos conceptos, a suspender temporalmente los servicios y contenidos del sitio web para efectuar operaciones de mantenimiento, mejora o reparaci\u00f3n de los mismos<\/span><span data-ccp-props=\"{}\"> <\/span><\/p>\n<p><span data-ccp-props=\"{}\"> <\/span><\/p>\n<p><b><span data-contrast=\"auto\">7 \u2013 PROTECCI\u00d3N DE DATOS<\/span><\/b><span data-contrast=\"auto\"> <\/span><span data-ccp-props=\"{}\"> <\/span><\/p>\n<p><span data-contrast=\"auto\">De conformidad con lo dispuesto en la Ley Org\u00e1nica 15\/1999 de Protecci\u00f3n de Datos de Car\u00e1cter Personal (LOPD) y su normativa de desarrollo, el responsable del sitio web <\/span><span data-contrast=\"auto\">TM SISTEMES (Toni Mar\u00edn Valenzuela)<\/span><span data-contrast=\"auto\"> en cumplimiento de lo dispuesto en los art\u00edculos 5 y 6 de la LOPD, informa a todos los usuarios del sitio web que faciliten o vayan a facilitar sus datos personales, que \u00e9stos ser\u00e1n incorporados en un fichero automatizado que se encuentra debidamente inscrito en la Agencia Espa\u00f1ola de Protecci\u00f3n de Datos. Si desea ejercitar sus derechos de acceso, rectificaci\u00f3n, cancelaci\u00f3n u oposici\u00f3n, podr\u00e1 dirigirse al correo electr\u00f3nico:<\/span><span style=\"color: #ff9900;\"><a style=\"color: #ff9900;\" href=\"mailto:toni@tmsistemes.com\">toni@tmsistemes.com<\/a> <\/span><\/p>\n<p><span data-ccp-props=\"{\"335559739\":360}\"> <\/span><\/p>\n<p><b><span data-contrast=\"auto\">8 \u2013 PUBLICIDAD<\/span><\/b><span data-ccp-props=\"{\"335559739\":360}\"> <\/span><\/p>\n<p><span data-contrast=\"auto\">Conforme a lo regulado en la Ley de Servicios de la Sociedad de la Informaci\u00f3n y Comercio Electr\u00f3nico (LSSICE) la pol\u00edtica respecto al correo electr\u00f3nico se centra en remitir \u00fanicamente comunicaciones que el USUARIO haya solicitado recibir. Si no desea recibir estos mensajes por correo electr\u00f3nico, puede dirigirse a la direcci\u00f3n de este correo electr\u00f3nico:<\/span><span style=\"color: #ff9900;\"><a style=\"color: #ff9900;\" href=\"mailto:toni@tmsistemes.com\">toni@tmsistemes.com<\/a> <\/span><\/p>\n<p><span data-ccp-props=\"{}\"> <\/span><\/p>\n<p><b><span data-contrast=\"auto\">9 \u2013 LEGISLACI\u00d3N APLICABLE Y COMPETENCIA JUDICIAL<\/span><\/b> <span data-contrast=\"auto\"> <\/span><span data-ccp-props=\"{}\"> <\/span><span data-ccp-props=\"{}\"> <\/span><\/p>\n<p><span data-contrast=\"auto\">Las presentes condiciones est\u00e1n redactadas en espa\u00f1ol, y est\u00e1n sometidas a la legislaci\u00f3n espa\u00f1ola vigente. Para cualquier cuesti\u00f3n litigiosa o que incumba el sitio Web de <\/span><span data-contrast=\"auto\">TM SISTEMES (Toni Mar\u00edn Valenzuela)<\/span><span data-contrast=\"auto\"> ser\u00e1n competentes los Juzgados y Tribunales de Igualada, Barcelona, \u200b\u200bEspa\u00f1a. <\/span><span data-ccp-props=\"{}\"> <\/span><\/p>\n<p><span data-ccp-props=\"{}\"> <\/span><\/p>\n\t\t\t\t\t\t<\/div>\n\t\t\t\t<\/div>\n\t\t\t\t\t<\/div>\n\t\t<\/div>\n\t\t\t\t\t\t\t<\/div>\n\t\t<\/section>\n\t\t\t\t\t\t\t<\/div>\n\t\t","protected":false},"excerpt":{"rendered":"<p>AVISO LEGAL 1 \u2013 IDENTIDAD DEL TITULAR WEB Toni Mar\u00edn Valenzuela (TM SISTEMES)NIF 46589227JC\/ Copons, 15 Tel\u00e9fono 648091561NOMBRE DEL DOMINIO: www.tmsistemes.com 2 \u2013 ACEPTACI\u00d3N DE LAS CONDICIONES DE USO El uso de este sitio web atribuye al navegante, sea persona f\u00edsica o jur\u00eddica, la condici\u00f3n de USUARIO, lo que implica la adhesi\u00f3n a los t\u00e9rminos [&hellip;]<\/p>\n","protected":false},"author":1,"featured_media":0,"parent":0,"menu_order":0,"comment_status":"closed","ping_status":"closed","template":"","meta":[],"_links":{"self":[{"href":"https:\/\/www.tmsistemes.com\/es\/wp-json\/wp\/v2\/pages\/1260"}],"collection":[{"href":"https:\/\/www.tmsistemes.com\/es\/wp-json\/wp\/v2\/pages"}],"about":[{"href":"https:\/\/www.tmsistemes.com\/es\/wp-json\/wp\/v2\/types\/page"}],"author":[{"embeddable":true,"href":"https:\/\/www.tmsistemes.com\/es\/wp-json\/wp\/v2\/users\/1"}],"replies":[{"embeddable":true,"href":"https:\/\/www.tmsistemes.com\/es\/wp-json\/wp\/v2\/comments?post=1260"}],"version-history":[{"count":1,"href":"https:\/\/www.tmsistemes.com\/es\/wp-json\/wp\/v2\/pages\/1260\/revisions"}],"predecessor-version":[{"id":1261,"href":"https:\/\/www.tmsistemes.com\/es\/wp-json\/wp\/v2\/pages\/1260\/revisions\/1261"}],"wp:attachment":[{"href":"https:\/\/www.tmsistemes.com\/es\/wp-json\/wp\/v2\/media?parent=1260"}],"curies":[{"name":"wp","href":"https:\/\/api.w.org\/{rel}","templated":true}]}}