{"id":1256,"date":"2022-08-24T09:51:53","date_gmt":"2022-08-24T09:51:53","guid":{"rendered":"https:\/\/www.tmsistemes.com\/politica-de-cookies\/"},"modified":"2022-12-22T13:02:51","modified_gmt":"2022-12-22T13:02:51","slug":"politica-de-cookies","status":"publish","type":"page","link":"https:\/\/www.tmsistemes.com\/es\/politica-de-cookies\/","title":{"rendered":"Pol\u00edtica de Cookies"},"content":{"rendered":"\t\t<div data-elementor-type=\"wp-page\" data-elementor-id=\"1256\" class=\"elementor elementor-1256 elementor-572\">\n\t\t\t\t\t\t\t\t\t<section class=\"elementor-section elementor-top-section elementor-element elementor-element-f4b0079 elementor-section-boxed elementor-section-height-default elementor-section-height-default\" data-id=\"f4b0079\" data-element_type=\"section\">\n\t\t\t\t\t\t<div class=\"elementor-container elementor-column-gap-default\">\n\t\t\t\t\t<div class=\"elementor-column elementor-col-100 elementor-top-column elementor-element elementor-element-16aa1f7\" data-id=\"16aa1f7\" data-element_type=\"column\">\n\t\t\t<div class=\"elementor-widget-wrap elementor-element-populated\">\n\t\t\t\t\t\t\t\t<div class=\"elementor-element elementor-element-01bf73c elementor-widget elementor-widget-heading\" data-id=\"01bf73c\" data-element_type=\"widget\" data-widget_type=\"heading.default\">\n\t\t\t\t<div class=\"elementor-widget-container\">\n\t\t\t<style>\/*! elementor - v3.12.0 - 29-03-2023 *\/\n.elementor-heading-title{padding:0;margin:0;line-height:1}.elementor-widget-heading .elementor-heading-title[class*=elementor-size-]>a{color:inherit;font-size:inherit;line-height:inherit}.elementor-widget-heading .elementor-heading-title.elementor-size-small{font-size:15px}.elementor-widget-heading .elementor-heading-title.elementor-size-medium{font-size:19px}.elementor-widget-heading .elementor-heading-title.elementor-size-large{font-size:29px}.elementor-widget-heading .elementor-heading-title.elementor-size-xl{font-size:39px}.elementor-widget-heading .elementor-heading-title.elementor-size-xxl{font-size:59px}<\/style><h1 class=\"elementor-heading-title elementor-size-default\">POL\u00cdTICA DE COOKIES <\/h1>\t\t<\/div>\n\t\t\t\t<\/div>\n\t\t\t\t<div class=\"elementor-element elementor-element-81038f2 elementor-widget elementor-widget-text-editor\" data-id=\"81038f2\" data-element_type=\"widget\" data-widget_type=\"text-editor.default\">\n\t\t\t\t<div class=\"elementor-widget-container\">\n\t\t\t<style>\/*! elementor - v3.12.0 - 29-03-2023 *\/\n.elementor-widget-text-editor.elementor-drop-cap-view-stacked .elementor-drop-cap{background-color:#69727d;color:#fff}.elementor-widget-text-editor.elementor-drop-cap-view-framed .elementor-drop-cap{color:#69727d;border:3px solid;background-color:transparent}.elementor-widget-text-editor:not(.elementor-drop-cap-view-default) .elementor-drop-cap{margin-top:8px}.elementor-widget-text-editor:not(.elementor-drop-cap-view-default) .elementor-drop-cap-letter{width:1em;height:1em}.elementor-widget-text-editor .elementor-drop-cap{float:left;text-align:center;line-height:1;font-size:50px}.elementor-widget-text-editor .elementor-drop-cap-letter{display:inline-block}<\/style>\t\t\t\t<p><b><span data-contrast=\"auto\">\u00bfQu\u00e9 son las Cookies?<\/span><\/b><span data-ccp-props=\"{}\"> <\/span><\/p>\n<p><span data-contrast=\"auto\">Las cookies son peque\u00f1os archivos que se instalan en el terminal del USUARIO al visitar un sitio web con el fin de almacenar datos que podr\u00e1n ser actualizados y recuperados por la entidad responsable de su instalaci\u00f3n. Si el USUARIO no se registra ni deja informaci\u00f3n personal en el sitio, el servidor tendr\u00e1 conocimiento de que alguien con esta cookie volvi\u00f3 al sitio web pero le ser\u00e1 imposible asociar la navegaci\u00f3n a un USUARIO concreto e identificado.<\/span><span data-ccp-props=\"{}\"> <\/span><\/p>\n<p><span data-ccp-props=\"{}\"> <\/span><\/p>\n<p><b><span data-contrast=\"auto\">\u00bfQu\u00e9 tipos de Cookies existen?<\/span><\/b><span data-contrast=\"auto\">\u00b7<\/span><span data-ccp-props=\"{}\"> <\/span><\/p>\n<p><span data-contrast=\"auto\">Las cookies, en funci\u00f3n de su caducidad, pueden clasificarse en cookies de sesi\u00f3n o permanentes. Las primeras expiran cuando el usuario cierra el navegador mientras que las segundas permanecen por un tiempo superior durante el cual los datos siguen almacenados en el terminal y pueden ser accedidos y tratados. Tambi\u00e9n se pueden distinguir seg\u00fan la entidad que gestione el equipo o dominio desde donde se env\u00edan las cookies y se traten los datos que se obtengan.<\/span><span data-ccp-props=\"{}\"> <\/span><\/p>\n<p><span data-ccp-props=\"{}\"> <\/span><\/p>\n<ul>\n<li data-leveltext=\"\uf0b7\" data-font=\"Symbol\" data-listid=\"1\" data-list-defn-props=\"{\"335552541\":1,\"335559684\":-2,\"335559685\":720,\"335559991\":360,\"469769226\":\"Symbol\",\"469769242\":[8226],\"469777803\":\"left\",\"469777804\":\"\uf0b7\",\"469777815\":\"multilevel\"}\" aria-setsize=\"-1\" data-aria-posinset=\"1\" data-aria-level=\"1\"><b><span data-contrast=\"auto\">Cookies propias<\/span><\/b><span data-contrast=\"auto\">.<\/span><span data-ccp-props=\"{}\"> <\/span><\/li>\n<\/ul>\n<p><span data-contrast=\"auto\">Son las que se env\u00edan al equipo terminal del usuario desde un equipo o dominio gestionado por el propio editor y desde el que se presta el servicio solicitado por el propio usuario.<\/span><span data-ccp-props=\"{}\"> <\/span><\/p>\n<ul>\n<li data-leveltext=\"\uf0b7\" data-font=\"Symbol\" data-listid=\"2\" data-list-defn-props=\"{\"335552541\":1,\"335559684\":-2,\"335559685\":720,\"335559991\":360,\"469769226\":\"Symbol\",\"469769242\":[8226],\"469777803\":\"left\",\"469777804\":\"\uf0b7\",\"469777815\":\"multilevel\"}\" aria-setsize=\"-1\" data-aria-posinset=\"1\" data-aria-level=\"1\"><b><span data-contrast=\"auto\">Cookies de terceros.<\/span><\/b><span data-ccp-props=\"{}\"> <\/span><\/li>\n<\/ul>\n<p><span data-contrast=\"auto\">Son aquellas que son enviadas al equipo terminal del usuario desde un equipo o dominio que no es gestionado por el editor, sino por otra entidad que trata los datos obtenidos a trav\u00e9s de cookies. En funci\u00f3n de su objetivo podemos parar de:<\/span><span data-ccp-props=\"{}\"> <\/span><\/p>\n<ul>\n<li data-leveltext=\"\uf0b7\" data-font=\"Symbol\" data-listid=\"3\" data-list-defn-props=\"{\"335552541\":1,\"335559684\":-2,\"335559685\":720,\"335559991\":360,\"469769226\":\"Symbol\",\"469769242\":[8226],\"469777803\":\"left\",\"469777804\":\"\uf0b7\",\"469777815\":\"multilevel\"}\" aria-setsize=\"-1\" data-aria-posinset=\"1\" data-aria-level=\"1\"><b><span data-contrast=\"auto\">Cookies t\u00e9cnicas.<\/span><\/b><span data-ccp-props=\"{}\"> <\/span><\/li>\n<\/ul>\n<p><span data-contrast=\"auto\">Permiten al usuario la navegaci\u00f3n a trav\u00e9s de una p\u00e1gina web, plataforma o aplicaci\u00f3n y la utilizaci\u00f3n de las diferentes opciones o servicios existentes como, por ejemplo, controlar el tr\u00e1fico y la comunicaci\u00f3n de datos, identificar la sesi\u00f3n o realizar el proceso de compra de un pedido.<\/span><span data-ccp-props=\"{}\"> <\/span><\/p>\n<ul>\n<li data-leveltext=\"\uf0b7\" data-font=\"Symbol\" data-listid=\"4\" data-list-defn-props=\"{\"335552541\":1,\"335559684\":-2,\"335559685\":720,\"335559991\":360,\"469769226\":\"Symbol\",\"469769242\":[8226],\"469777803\":\"left\",\"469777804\":\"\uf0b7\",\"469777815\":\"multilevel\"}\" aria-setsize=\"-1\" data-aria-posinset=\"2\" data-aria-level=\"1\"><b><span data-contrast=\"auto\">Cookies de personalizaci\u00f3n<\/span><\/b><span data-ccp-props=\"{}\"> <\/span><\/li>\n<\/ul>\n<p><span data-contrast=\"auto\">Permiten al usuario acceder al servicio con algunas caracter\u00edsticas de car\u00e1cter general predefinidas en funci\u00f3n de una serie de criterios en el terminal del usuario como el idioma o el tipo de navegador.<\/span><span data-ccp-props=\"{}\"> <\/span><\/p>\n<ul>\n<li data-leveltext=\"\uf0b7\" data-font=\"Symbol\" data-listid=\"5\" data-list-defn-props=\"{\"335552541\":1,\"335559684\":-2,\"335559685\":720,\"335559991\":360,\"469769226\":\"Symbol\",\"469769242\":[8226],\"469777803\":\"left\",\"469777804\":\"\uf0b7\",\"469777815\":\"multilevel\"}\" aria-setsize=\"-1\" data-aria-posinset=\"1\" data-aria-level=\"1\"><b><span data-contrast=\"auto\">Cookies anal\u00edticas<\/span><\/b><span data-ccp-props=\"{}\"> <\/span><\/li>\n<\/ul>\n<p><span data-contrast=\"auto\">Permiten al responsable de las mismas, el seguimiento y an\u00e1lisis del comportamiento de los usuarios de los sitios web a los que est\u00e1n vinculadas. La informaci\u00f3n recogida se utiliza en la medici\u00f3n de la actividad de los sitios web, la aplicaci\u00f3n o la plataforma y para la elaboraci\u00f3n de perfiles de navegaci\u00f3n de los usuarios de estos sitios, aplicaciones y plataformas, para introducir mejoras en funci\u00f3n de el an\u00e1lisis de los datos que realizan los usuarios del servicio.<\/span><span data-ccp-props=\"{}\"> <\/span><\/p>\n<ul>\n<li data-leveltext=\"\uf0b7\" data-font=\"Symbol\" data-listid=\"6\" data-list-defn-props=\"{\"335552541\":1,\"335559684\":-2,\"335559685\":720,\"335559991\":360,\"469769226\":\"Symbol\",\"469769242\":[8226],\"469777803\":\"left\",\"469777804\":\"\uf0b7\",\"469777815\":\"multilevel\"}\" aria-setsize=\"-1\" data-aria-posinset=\"2\" data-aria-level=\"1\"><b><span data-contrast=\"auto\">Cookies publicitarias.<\/span><\/b><\/li>\n<\/ul>\n<p><span data-contrast=\"auto\">Permiten la gesti\u00f3n, de la forma m\u00e1s eficaz posible de los espacios publicitarios que, en su caso, el editor haya incluido en una p\u00e1gina web, aplicaci\u00f3n o plataforma desde la que presta el servicio solicitado en base a criterios como el contenido editado o la frecuencia en la que se muestran los anuncios.<\/span><span data-ccp-props=\"{}\"> <\/span><\/p>\n<ul>\n<li data-leveltext=\"\uf0b7\" data-font=\"Symbol\" data-listid=\"7\" data-list-defn-props=\"{\"335552541\":1,\"335559684\":-2,\"335559685\":720,\"335559991\":360,\"469769226\":\"Symbol\",\"469769242\":[8226],\"469777803\":\"left\",\"469777804\":\"\uf0b7\",\"469777815\":\"multilevel\"}\" aria-setsize=\"-1\" data-aria-posinset=\"1\" data-aria-level=\"1\"><b><span data-contrast=\"auto\">Cookies de publicidad o comportamental<\/span><\/b><span data-ccp-props=\"{}\"> <\/span><\/li>\n<\/ul>\n<p><span data-contrast=\"auto\">Permiten la gesti\u00f3n, de la forma m\u00e1s eficaz posible, de los espacios publicitarios que, en su caso, el editor haya incluido en una p\u00e1gina web, aplicaci\u00f3n o plataforma desde la que presta el servicio solicitado. Almacenan informaci\u00f3n del comportamiento de los usuarios obtenida a trav\u00e9s de la observaci\u00f3n continuada de sus h\u00e1bitos de navegaci\u00f3n, lo que permite desarrollar un perfil espec\u00edfico para mostrar publicidad en funci\u00f3n del mismo.<\/span><span data-ccp-props=\"{}\"> <\/span><\/p>\n<p><span data-ccp-props=\"{}\"> <\/span><\/p>\n<p> <b><span data-contrast=\"auto\">C\u00f3mo desactivar o eliminar <\/span><\/b><span data-contrast=\"auto\">Cookies<\/span><span data-ccp-props=\"{}\"> <\/span><\/p>\n<p><span data-contrast=\"auto\">El USUARIO podr\u00e1 configurar su navegador para que no se le instalen cookies o para recibir un aviso en pantalla cada vez que una cookie quiera instalarse, pudiendo decidir en cada momento si la desea aceptar o no. Igualmente el USUARIO podr\u00e1 decidir posteriormente eliminar las cookies que tenga instaladas cambiando la configuraci\u00f3n de su navegador o elimin\u00e1ndolas manualmente a trav\u00e9s del mismo. Tenga en cuenta que la eliminaci\u00f3n de las cookies puede suponer una disminuci\u00f3n en la calidad o en las funcionalidades de la p\u00e1gina web. Para permitir, bloquear o eliminar las cookies instaladas en el equipo o dispositivo mediante la configuraci\u00f3n de las opciones del navegador instalado, el USUARIO debe seguir las instrucciones proporcionadas por el propio navegador. A continuaci\u00f3n se proporcionan a los enlaces para configurar las cookies de los navegadores m\u00e1s populares_<\/span><span data-ccp-props=\"{}\"> <\/span><\/p>\n<ul>\n<li data-leveltext=\"\uf0b7\" data-font=\"Symbol\" data-listid=\"8\" data-list-defn-props=\"{\"335552541\":1,\"335559684\":-2,\"335559685\":720,\"335559991\":360,\"469769226\":\"Symbol\",\"469769242\":[8226],\"469777803\":\"left\",\"469777804\":\"\uf0b7\",\"469777815\":\"multilevel\"}\" aria-setsize=\"-1\" data-aria-posinset=\"1\" data-aria-level=\"1\"><span data-contrast=\"auto\">Internet Explorer:<\/span><span style=\"color: #ff9900;\"><a style=\"color: #ff9900;\" href=\"http:\/\/windows.microsoft.com\/es-xl\/internet-explorer\/delete-manage-cookies#ie=ie-10\"> Elimina y administra cookies<\/a><\/span> <\/li>\n<li data-leveltext=\"\uf0b7\" data-font=\"Symbol\" data-listid=\"8\" data-list-defn-props=\"{\"335552541\":1,\"335559684\":-2,\"335559685\":720,\"335559991\":360,\"469769226\":\"Symbol\",\"469769242\":[8226],\"469777803\":\"left\",\"469777804\":\"\uf0b7\",\"469777815\":\"multilevel\"}\" aria-setsize=\"-1\" data-aria-posinset=\"2\" data-aria-level=\"1\"><span data-contrast=\"auto\">Mozilla Firefox: <\/span><span style=\"color: #ff9900;\"><a style=\"color: #ff9900;\" href=\"https:\/\/support.mozilla.org\/es\/kb\/Borrar%20cookies\">Borra Cookies<\/a><\/span><span data-contrast=\"auto\"> y <\/span><span style=\"color: #ff9900;\"><a style=\"color: #ff9900;\" href=\"https:\/\/support.mozilla.org\/es\/kb\/impedir-que-los-sitios-web-guarden-sus-preferencia\">Bloquear cookies<\/a><\/span> <\/li>\n<\/ul>\n<ul>\n<li data-leveltext=\"\uf0b7\" data-font=\"Symbol\" data-listid=\"8\" data-list-defn-props=\"{\"335552541\":1,\"335559684\":-2,\"335559685\":720,\"335559991\":360,\"469769226\":\"Symbol\",\"469769242\":[8226],\"469777803\":\"left\",\"469777804\":\"\uf0b7\",\"469777815\":\"multilevel\"}\" aria-setsize=\"-1\" data-aria-posinset=\"1\" data-aria-level=\"1\"><span data-contrast=\"auto\">Google Chrome: <\/span><span style=\"color: #ff9900;\"><a style=\"color: #ff9900;\" href=\"https:\/\/support.google.com\/chrome\/answer\/95647?hl=es\">Borrar, habilitar y administrar cookies <\/a><\/span> <\/li>\n<li data-leveltext=\"\uf0b7\" data-font=\"Symbol\" data-listid=\"8\" data-list-defn-props=\"{\"335552541\":1,\"335559684\":-2,\"335559685\":720,\"335559991\":360,\"469769226\":\"Symbol\",\"469769242\":[8226],\"469777803\":\"left\",\"469777804\":\"\uf0b7\",\"469777815\":\"multilevel\"}\" aria-setsize=\"-1\" data-aria-posinset=\"2\" data-aria-level=\"1\"><span data-contrast=\"auto\">Safari:<span style=\"color: #ff9900;\"> <\/span><\/span><span style=\"color: #ff9900;\"><a style=\"color: #ff9900;\" href=\"https:\/\/support.apple.com\/kb\/PH21411?viewlocale=es_ES&amp;locale=es_ES\">Gestionar cookies<\/a><\/span> <\/li>\n<li data-leveltext=\"\uf0b7\" data-font=\"Symbol\" data-listid=\"8\" data-list-defn-props=\"{\"335552541\":1,\"335559684\":-2,\"335559685\":720,\"335559991\":360,\"469769226\":\"Symbol\",\"469769242\":[8226],\"469777803\":\"left\",\"469777804\":\"\uf0b7\",\"469777815\":\"multilevel\"}\" aria-setsize=\"-1\" data-aria-posinset=\"3\" data-aria-level=\"1\"><span data-contrast=\"auto\">Opera: <\/span><span style=\"color: #ff9900;\"><a style=\"color: #ff9900;\" href=\"http:\/\/help.opera.com\/Windows\/11.50\/es-ES\/cookies.html\">Opciones de cookies<\/a><\/span> <\/li>\n<\/ul>\n<p><span data-ccp-props=\"{\"335559685\":360}\"> <\/span><\/p>\n<p><span data-contrast=\"auto\">Si el USUARIO cualquier otro navegador, o los enlaces proporcionados no contienen la informaci\u00f3n que desees, puede localizar c\u00f3mo gestionar las cookies que se instalan en su equipo accediendo al men\u00fa \u201cOpciones\u201d o \u201cConfiguraci\u00f3n\u201d \u2013o equivalente- del navegador , o bien consultando la secci\u00f3n \u201cAyuda\u201d o \u201cApoyo\u201d del propio navegador. Hay navegadores que permiten configurar reglas espec\u00edficas \u2013excepciones- para administrar las cookies por sitio web, de modo que se pueden inhabilitar las cookies de todos los sitios excepto de aquellos en los que se conf\u00ede. En caso de que el USUARIO quiera desactivar los anuncios basados \u200b\u200ben cookies de remarketing puede utilizar los siguientes enlaces:<\/span><a href=\"https:\/\/www.facebook.com\/business\/help\/1415256572060999?locale=ca_ES\"><span data-contrast=\"none\"><span style=\"color: #ff9900;\">Facebook<\/span><\/span><\/a><span data-contrast=\"auto\"> y <\/span><span style=\"color: #ff9900;\"><a style=\"color: #ff9900;\" href=\"https:\/\/support.twitter.com\/articles\/20171552\">Twitter<\/a><\/span><span data-contrast=\"auto\"><span style=\"color: #ff9900;\"> <\/span>.<\/span> <span data-ccp-props=\"{}\"> <\/span><\/p>\n<p><span data-contrast=\"auto\">Tambi\u00e9n puede configurar la opci\u00f3n<\/span> <a href=\"https:\/\/support.twitter.com\/articles\/20171375\"><span data-contrast=\"none\"><span style=\"color: #ff9900;\">\u00abNo rastrear\u00bb<\/span><\/span><\/a> <span data-contrast=\"auto\">en Twitter. Para gestionar los \u201canuncios de Google\u201d puede utilizar el siguiente enlace:<\/span> <span style=\"color: #ff9900;\"><a style=\"color: #ff9900;\" href=\"http:\/\/www.google.com\/settings\/ads\/anonymous?hl=es\">Controla tus anuncios Google.<\/a><\/span> <\/p>\n<p><span data-contrast=\"auto\">Aix\u00ed mateix, podeu excloure\u2019s volunt\u00e0riament de la recopilaci\u00f3 d\u2019informaci\u00f3 de DoubleClick (Google), Facebook, Twitter i altres entitats, a trav\u00e9s dels seg\u00fcents enlla\u00e7os:<\/span><span style=\"color: #ff9900;\"><a style=\"color: #ff9900;\" href=\"http:\/\/networkadvertising.org\/\">networkadvertising.org, <\/a><a style=\"color: #ff9900;\" href=\"http:\/\/www.networkadvertising.org\/managing\/opt_out.asp\">http:\/\/www.networkadvertising.org\/managing\/opt_out.asp<\/a>, <a style=\"color: #ff9900;\" href=\"http:\/\/www.youronlinechoices.com\/uk\/your-ad-choices\">youronlinechoices.com <\/a><a style=\"color: #ff9900;\" href=\"http:\/\/www.youronlinechoices.com\/uk\/your-ad-choices%20%20%20y%20yaboutads.info\">http:\/\/www.youronlinechoices.com\/uk\/your-ad-choices, <\/a>y <a style=\"color: #ff9900;\" href=\"http:\/\/www.aboutads.info\/choices\">yaboutads.info<\/a>.<\/span> <\/p>\n<p><span data-contrast=\"auto\">Por otra parte, si no desea que el c\u00f3digo JavaScript de Google Analytics recopile los datos de su visita puede instalar el<\/span> <span style=\"color: #ff9900;\"><a style=\"color: #ff9900;\" href=\"https:\/\/tools.google.com\/dlpage\/gaoptout\">complemento de inhabilitaci\u00f3n<\/a><\/span><span data-contrast=\"auto\">para navegadores de Google Analytics. El complemento no evita que la informaci\u00f3n se env\u00ede al sitio web o, por otras v\u00edas, a otros servicios de anal\u00edtica web. El usuario puede encontrar otras opciones de configuraci\u00f3n de la privacidad de los servicios de Google en los siguientes enlaces:<\/span><span style=\"color: #ff9900;\"><a style=\"color: #ff9900;\" href=\"https:\/\/privacy.google.com\/my-controls.html\">Privacy Controls Google<\/a><\/span> <span data-contrast=\"auto\">y<\/span> <span style=\"color: #ff9900;\"><a style=\"color: #ff9900;\" href=\"http:\/\/www.google.com\/intl\/ca\/policies\/privacy\/partners\">Privacy partners Google <\/a><\/span><span data-contrast=\"auto\">En caso de bloquear o desactivar el uso de &#8216;cookies&#8217; en su navegador es posible que algunos servicios o funcionalidades de la p\u00e1gina web no est\u00e9n disponibl<span style=\"color: #ff9900;\">es.<\/span><\/span><span data-ccp-props=\"{}\"> <\/span><\/p>\n<p><span data-ccp-props=\"{}\"> <\/span><\/p>\n<p><b><span data-contrast=\"auto\">ACTUALIZACIONES Y CAMBIOS EN LA POL\u00cdTICA DE PRIVACIDAD \/ COOKIES<\/span><\/b><span data-contrast=\"auto\">:<\/span><span data-ccp-props=\"{}\"> <\/span><\/p>\n<p><span data-contrast=\"auto\">TM SISTEMES (Toni Mar\u00edn Valenzuela)<\/span><span data-contrast=\"auto\">, puede modificar esta Pol\u00edtica de Cookies en funci\u00f3n de exigencias legislativas, reglamentarias, o con el fin de adaptar esta pol\u00edtica a las instrucciones dictadas por la Agencia Espa\u00f1ola de Protecci\u00f3n de Datos, por lo que se aconseja a los usuarios que la visiten peri\u00f3dicamente . Cuando se produzcan cambios significativos en esta Pol\u00edtica de Cookies, se comunicar\u00e1n al USUARIO bien mediante la web o mediante correo electr\u00f3nico a si est\u00e1 registrado.<\/span><span data-ccp-props=\"{}\"> <\/span><\/p>\n\t\t\t\t\t\t<\/div>\n\t\t\t\t<\/div>\n\t\t\t\t\t<\/div>\n\t\t<\/div>\n\t\t\t\t\t\t\t<\/div>\n\t\t<\/section>\n\t\t\t\t\t\t\t<\/div>\n\t\t","protected":false},"excerpt":{"rendered":"<p>POL\u00cdTICA DE COOKIES \u00bfQu\u00e9 son las Cookies? Las cookies son peque\u00f1os archivos que se instalan en el terminal del USUARIO al visitar un sitio web con el fin de almacenar datos que podr\u00e1n ser actualizados y recuperados por la entidad responsable de su instalaci\u00f3n. Si el USUARIO no se registra ni deja informaci\u00f3n personal en [&hellip;]<\/p>\n","protected":false},"author":1,"featured_media":0,"parent":0,"menu_order":0,"comment_status":"closed","ping_status":"closed","template":"","meta":[],"_links":{"self":[{"href":"https:\/\/www.tmsistemes.com\/es\/wp-json\/wp\/v2\/pages\/1256"}],"collection":[{"href":"https:\/\/www.tmsistemes.com\/es\/wp-json\/wp\/v2\/pages"}],"about":[{"href":"https:\/\/www.tmsistemes.com\/es\/wp-json\/wp\/v2\/types\/page"}],"author":[{"embeddable":true,"href":"https:\/\/www.tmsistemes.com\/es\/wp-json\/wp\/v2\/users\/1"}],"replies":[{"embeddable":true,"href":"https:\/\/www.tmsistemes.com\/es\/wp-json\/wp\/v2\/comments?post=1256"}],"version-history":[{"count":3,"href":"https:\/\/www.tmsistemes.com\/es\/wp-json\/wp\/v2\/pages\/1256\/revisions"}],"predecessor-version":[{"id":1259,"href":"https:\/\/www.tmsistemes.com\/es\/wp-json\/wp\/v2\/pages\/1256\/revisions\/1259"}],"wp:attachment":[{"href":"https:\/\/www.tmsistemes.com\/es\/wp-json\/wp\/v2\/media?parent=1256"}],"curies":[{"name":"wp","href":"https:\/\/api.w.org\/{rel}","templated":true}]}}