{"id":1254,"date":"2022-08-24T09:52:10","date_gmt":"2022-08-24T09:52:10","guid":{"rendered":"https:\/\/www.tmsistemes.com\/politica-de-privacidad\/"},"modified":"2022-12-22T12:54:11","modified_gmt":"2022-12-22T12:54:11","slug":"politica-de-privacidad","status":"publish","type":"page","link":"https:\/\/www.tmsistemes.com\/es\/politica-de-privacidad\/","title":{"rendered":"Pol\u00edtica de privacidad"},"content":{"rendered":"\t\t<div data-elementor-type=\"wp-page\" data-elementor-id=\"1254\" class=\"elementor elementor-1254 elementor-574\">\n\t\t\t\t\t\t\t\t\t<section class=\"elementor-section elementor-top-section elementor-element elementor-element-d67a1fa elementor-section-boxed elementor-section-height-default elementor-section-height-default\" data-id=\"d67a1fa\" data-element_type=\"section\">\n\t\t\t\t\t\t<div class=\"elementor-container elementor-column-gap-default\">\n\t\t\t\t\t<div class=\"elementor-column elementor-col-100 elementor-top-column elementor-element elementor-element-f165b43\" data-id=\"f165b43\" data-element_type=\"column\">\n\t\t\t<div class=\"elementor-widget-wrap elementor-element-populated\">\n\t\t\t\t\t\t\t\t<div class=\"elementor-element elementor-element-2621b80 elementor-widget elementor-widget-heading\" data-id=\"2621b80\" data-element_type=\"widget\" data-widget_type=\"heading.default\">\n\t\t\t\t<div class=\"elementor-widget-container\">\n\t\t\t<style>\/*! elementor - v3.12.0 - 29-03-2023 *\/\n.elementor-heading-title{padding:0;margin:0;line-height:1}.elementor-widget-heading .elementor-heading-title[class*=elementor-size-]>a{color:inherit;font-size:inherit;line-height:inherit}.elementor-widget-heading .elementor-heading-title.elementor-size-small{font-size:15px}.elementor-widget-heading .elementor-heading-title.elementor-size-medium{font-size:19px}.elementor-widget-heading .elementor-heading-title.elementor-size-large{font-size:29px}.elementor-widget-heading .elementor-heading-title.elementor-size-xl{font-size:39px}.elementor-widget-heading .elementor-heading-title.elementor-size-xxl{font-size:59px}<\/style><h1 class=\"elementor-heading-title elementor-size-default\">PROTECCI\u00d3N DE DATOS<\/h1>\t\t<\/div>\n\t\t\t\t<\/div>\n\t\t\t\t<div class=\"elementor-element elementor-element-b3262cc elementor-widget elementor-widget-text-editor\" data-id=\"b3262cc\" data-element_type=\"widget\" data-widget_type=\"text-editor.default\">\n\t\t\t\t<div class=\"elementor-widget-container\">\n\t\t\t<style>\/*! elementor - v3.12.0 - 29-03-2023 *\/\n.elementor-widget-text-editor.elementor-drop-cap-view-stacked .elementor-drop-cap{background-color:#69727d;color:#fff}.elementor-widget-text-editor.elementor-drop-cap-view-framed .elementor-drop-cap{color:#69727d;border:3px solid;background-color:transparent}.elementor-widget-text-editor:not(.elementor-drop-cap-view-default) .elementor-drop-cap{margin-top:8px}.elementor-widget-text-editor:not(.elementor-drop-cap-view-default) .elementor-drop-cap-letter{width:1em;height:1em}.elementor-widget-text-editor .elementor-drop-cap{float:left;text-align:center;line-height:1;font-size:50px}.elementor-widget-text-editor .elementor-drop-cap-letter{display:inline-block}<\/style>\t\t\t\t<p><b><span data-contrast=\"auto\">\u00bfQui\u00e9n es el Responsable?<\/span><\/b><span data-contrast=\"auto\">&#8211;<\/span><span data-ccp-props=\"{}\"> <\/span><\/p>\n<p><span data-contrast=\"auto\">Toni Mar\u00edn Valenzuela (TM SISTEMES)<\/span><span data-ccp-props=\"{}\"><br \/><\/span><span data-contrast=\"auto\">NIF 46589227J<\/span><span data-ccp-props=\"{}\"><br \/><\/span><span data-contrast=\"auto\">C\/ Copons, 15 <\/span><span data-ccp-props=\"{}\"><br \/><\/span><span data-contrast=\"auto\">Tel\u00e9fono 648091561<\/span><span data-ccp-props=\"{}\"><br \/><\/span><span data-contrast=\"auto\">NOMBRE DEL DOMINIO: <a href=\"https:\/\/www.tmsistemes.com\/es\/\"><span style=\"color: #ff9900;\">www.tmsistemes.com<\/span><\/a><\/span><a href=\"https:\/\/www.tmsistemes.com\/es\/\"><span style=\"color: #ff9900;\" data-ccp-props=\"{}\"> <\/span><\/a><\/p>\n<p><span data-ccp-props=\"{}\"> <\/span><\/p>\n<p><b><span data-contrast=\"auto\">\u00bfCon qu\u00e9 finalidad tratamos sus datos personales?<\/span><\/b><span data-contrast=\"auto\">&#8211;<\/span><span data-ccp-props=\"{}\"> <\/span><\/p>\n<p><span data-contrast=\"auto\">En<\/span><b><span data-contrast=\"auto\"> <\/span><\/b><span data-contrast=\"auto\">TM SISTEMES (Toni Mar\u00edn Valenzuela) tratamos la informaci\u00f3n que nos facilitan las personas interesadas con el fin de gestionar su solicitud de informaci\u00f3n sobre nuestros productos. <\/span><span data-ccp-props=\"{}\"> <\/span><\/p>\n<p><span data-ccp-props=\"{}\"> <\/span><\/p>\n<p><b><span data-contrast=\"auto\">\u00bfCu\u00e1l es el plazo de conservaci\u00f3n de sus datos?<\/span><\/b><span data-ccp-props=\"{}\"> <\/span><\/p>\n<p><span data-contrast=\"auto\">Los datos personales proporcionados se conservar\u00e1n hasta que el interesado solicite su supresi\u00f3n.<\/span><span data-ccp-props=\"{}\"> <\/span><\/p>\n<p><span data-ccp-props=\"{}\"> <\/span><\/p>\n<p><b><span data-contrast=\"auto\">\u00bfCu\u00e1l es la legitimaci\u00f3n para el tratamiento de sus datos?<\/span><\/b><span data-ccp-props=\"{}\"> <\/span><\/p>\n<p><span data-contrast=\"auto\">El tratamiento de la informaci\u00f3n est\u00e1 basado en la solicitud de mayor informaci\u00f3n. El tratamiento de la informaci\u00f3n est\u00e1 basado en la solicitud de mayor informaci\u00f3n.<\/span><span data-ccp-props=\"{}\"> <\/span><\/p>\n<p><span data-ccp-props=\"{}\"> <\/span><\/p>\n<p><b><span data-contrast=\"auto\">\u00bfA qu\u00e9 destinatarios se comunicar\u00e1n sus datos?<\/span><\/b><span data-contrast=\"auto\">&#8211;<\/span><span data-ccp-props=\"{}\"> <\/span><\/p>\n<p><span data-contrast=\"auto\">Los datos facilitados pueden cederse a empresas encargadas del tratamiento de datos (como proveedores de servicios: servicios de env\u00edo de comunicaciones, servicios de mensajer\u00eda, agencias, servicios de generaci\u00f3n de audiencias similares, etc.). Tambi\u00e9n pueden producirse transferencias internacionales conforme al r\u00e9gimen de automatizaci\u00f3n y notificaci\u00f3n previa que establece la normativa vigente.<\/span><span data-ccp-props=\"{}\"> <\/span><\/p>\n<\/p>\n<p><b><span data-contrast=\"auto\">\u00bfCu\u00e1les son sus derechos cuando nos facilita los datos? <\/span><\/b><span data-ccp-props=\"{}\"> <\/span><\/p>\n<p><span data-contrast=\"auto\">El interesado tiene derecho a retirar su consentimiento al tratamiento de sus datos personales en cualquier momento y presentar una reclamaci\u00f3n ante la Agencia Espa\u00f1ola de Protecci\u00f3n de Datos. Tambi\u00e9n puede si lo desea ejercitar sus derechos de acceso, rectificaci\u00f3n, supresi\u00f3n, oposici\u00f3n y derecho de la portabilidad de los datos dirigi\u00e9ndose a la direcci\u00f3n anteriormente facilitada.<\/span><span data-ccp-props=\"{}\"> <\/span><\/p>\n<p><span data-ccp-props=\"{}\"> <\/span><\/p>\n\t\t\t\t\t\t<\/div>\n\t\t\t\t<\/div>\n\t\t\t\t\t<\/div>\n\t\t<\/div>\n\t\t\t\t\t\t\t<\/div>\n\t\t<\/section>\n\t\t\t\t\t\t\t<\/div>\n\t\t","protected":false},"excerpt":{"rendered":"<p>PROTECCI\u00d3N DE DATOS \u00bfQui\u00e9n es el Responsable?&#8211; Toni Mar\u00edn Valenzuela (TM SISTEMES)NIF 46589227JC\/ Copons, 15 Tel\u00e9fono 648091561NOMBRE DEL DOMINIO: www.tmsistemes.com \u00bfCon qu\u00e9 finalidad tratamos sus datos personales?&#8211; En TM SISTEMES (Toni Mar\u00edn Valenzuela) tratamos la informaci\u00f3n que nos facilitan las personas interesadas con el fin de gestionar su solicitud de informaci\u00f3n sobre nuestros productos. \u00bfCu\u00e1l [&hellip;]<\/p>\n","protected":false},"author":1,"featured_media":0,"parent":0,"menu_order":0,"comment_status":"closed","ping_status":"closed","template":"","meta":[],"_links":{"self":[{"href":"https:\/\/www.tmsistemes.com\/es\/wp-json\/wp\/v2\/pages\/1254"}],"collection":[{"href":"https:\/\/www.tmsistemes.com\/es\/wp-json\/wp\/v2\/pages"}],"about":[{"href":"https:\/\/www.tmsistemes.com\/es\/wp-json\/wp\/v2\/types\/page"}],"author":[{"embeddable":true,"href":"https:\/\/www.tmsistemes.com\/es\/wp-json\/wp\/v2\/users\/1"}],"replies":[{"embeddable":true,"href":"https:\/\/www.tmsistemes.com\/es\/wp-json\/wp\/v2\/comments?post=1254"}],"version-history":[{"count":1,"href":"https:\/\/www.tmsistemes.com\/es\/wp-json\/wp\/v2\/pages\/1254\/revisions"}],"predecessor-version":[{"id":1255,"href":"https:\/\/www.tmsistemes.com\/es\/wp-json\/wp\/v2\/pages\/1254\/revisions\/1255"}],"wp:attachment":[{"href":"https:\/\/www.tmsistemes.com\/es\/wp-json\/wp\/v2\/media?parent=1254"}],"curies":[{"name":"wp","href":"https:\/\/api.w.org\/{rel}","templated":true}]}}